{"id":6,"date":"2021-10-22T08:58:22","date_gmt":"2021-10-22T06:58:22","guid":{"rendered":"https:\/\/kalkulator-oee.pl\/?page_id=6"},"modified":"2025-12-05T15:58:26","modified_gmt":"2025-12-05T14:58:26","slug":"kalkulator-oee","status":"publish","type":"page","link":"https:\/\/kalkulator-oee.pl\/","title":{"rendered":"Kalkulator OEE &#8211; Wyznacz OEE dla swojej produkcji!"},"content":{"rendered":"","protected":false},"excerpt":{"rendered":"","protected":false},"author":1,"featured_media":0,"parent":0,"menu_order":0,"comment_status":"closed","ping_status":"closed","template":"","meta":{"footnotes":""},"class_list":["post-6","page","type-page","status-publish","hentry"],"yoast_head":"<!-- This site is optimized with the Yoast SEO plugin v24.2 - https:\/\/yoast.com\/wordpress\/plugins\/seo\/ -->\n<title>Kalkulator OEE - Wyznacz OEE dla swojej produkcji!<\/title>\n<meta name=\"description\" content=\"Uda\u0142o Ci si\u0119 policzy\u0107 wska\u017anik OEE dla swojego zak\u0142adu lub linii? Chcesz analizowa\u0107 wska\u017anik OEE, ale nie wiesz od czego zacz\u0105\u0107? Jeste\u015b w dobrym miejscu!\" \/>\n<meta name=\"robots\" content=\"index, follow, max-snippet:-1, max-image-preview:large, max-video-preview:-1\" \/>\n<link rel=\"canonical\" href=\"https:\/\/kalkulator-oee.pl\/\" \/>\n<meta property=\"og:locale\" content=\"pl_PL\" \/>\n<meta property=\"og:type\" content=\"article\" \/>\n<meta property=\"og:title\" content=\"Kalkulator OEE - Wyznacz OEE dla swojej produkcji!\" \/>\n<meta property=\"og:description\" content=\"Uda\u0142o Ci si\u0119 policzy\u0107 wska\u017anik OEE dla swojego zak\u0142adu lub linii? Chcesz analizowa\u0107 wska\u017anik OEE, ale nie wiesz od czego zacz\u0105\u0107? Jeste\u015b w dobrym miejscu!\" \/>\n<meta property=\"og:url\" content=\"https:\/\/kalkulator-oee.pl\/\" \/>\n<meta property=\"og:site_name\" content=\"Kalkulator OEE\" \/>\n<meta property=\"article:modified_time\" content=\"2025-12-05T14:58:26+00:00\" \/>\n<meta name=\"twitter:card\" content=\"summary_large_image\" \/>\n<script type=\"application\/ld+json\" class=\"yoast-schema-graph\">{\"@context\":\"https:\/\/schema.org\",\"@graph\":[{\"@type\":\"WebPage\",\"@id\":\"https:\/\/kalkulator-oee.pl\/\",\"url\":\"https:\/\/kalkulator-oee.pl\/\",\"name\":\"Kalkulator OEE - Wyznacz OEE dla swojej produkcji!\",\"isPartOf\":{\"@id\":\"https:\/\/kalkulator-oee.pl\/#website\"},\"datePublished\":\"2021-10-22T06:58:22+00:00\",\"dateModified\":\"2025-12-05T14:58:26+00:00\",\"description\":\"Uda\u0142o Ci si\u0119 policzy\u0107 wska\u017anik OEE dla swojego zak\u0142adu lub linii? Chcesz analizowa\u0107 wska\u017anik OEE, ale nie wiesz od czego zacz\u0105\u0107? Jeste\u015b w dobrym miejscu!\",\"breadcrumb\":{\"@id\":\"https:\/\/kalkulator-oee.pl\/#breadcrumb\"},\"inLanguage\":\"pl-PL\",\"potentialAction\":[{\"@type\":\"ReadAction\",\"target\":[\"https:\/\/kalkulator-oee.pl\/\"]}]},{\"@type\":\"BreadcrumbList\",\"@id\":\"https:\/\/kalkulator-oee.pl\/#breadcrumb\",\"itemListElement\":[{\"@type\":\"ListItem\",\"position\":1,\"name\":\"Home\",\"item\":\"https:\/\/kalkulator-oee.pl\/\"},{\"@type\":\"ListItem\",\"position\":2,\"name\":\"Kalkulator OEE &#8211; Wyznacz OEE dla swojej produkcji!\"}]},{\"@type\":\"WebSite\",\"@id\":\"https:\/\/kalkulator-oee.pl\/#website\",\"url\":\"https:\/\/kalkulator-oee.pl\/\",\"name\":\"Kalkulator OEE\",\"description\":\"Oblicz wska\u017anik efektywno\u015bci OEE w kilku krokach\",\"potentialAction\":[{\"@type\":\"SearchAction\",\"target\":{\"@type\":\"EntryPoint\",\"urlTemplate\":\"https:\/\/kalkulator-oee.pl\/?s={search_term_string}\"},\"query-input\":{\"@type\":\"PropertyValueSpecification\",\"valueRequired\":true,\"valueName\":\"search_term_string\"}}],\"inLanguage\":\"pl-PL\"}]}<\/script>\n<!-- \/ Yoast SEO plugin. -->","yoast_head_json":{"title":"Kalkulator OEE - Wyznacz OEE dla swojej produkcji!","description":"Uda\u0142o Ci si\u0119 policzy\u0107 wska\u017anik OEE dla swojego zak\u0142adu lub linii? Chcesz analizowa\u0107 wska\u017anik OEE, ale nie wiesz od czego zacz\u0105\u0107? Jeste\u015b w dobrym miejscu!","robots":{"index":"index","follow":"follow","max-snippet":"max-snippet:-1","max-image-preview":"max-image-preview:large","max-video-preview":"max-video-preview:-1"},"canonical":"https:\/\/kalkulator-oee.pl\/","og_locale":"pl_PL","og_type":"article","og_title":"Kalkulator OEE - Wyznacz OEE dla swojej produkcji!","og_description":"Uda\u0142o Ci si\u0119 policzy\u0107 wska\u017anik OEE dla swojego zak\u0142adu lub linii? Chcesz analizowa\u0107 wska\u017anik OEE, ale nie wiesz od czego zacz\u0105\u0107? Jeste\u015b w dobrym miejscu!","og_url":"https:\/\/kalkulator-oee.pl\/","og_site_name":"Kalkulator OEE","article_modified_time":"2025-12-05T14:58:26+00:00","twitter_card":"summary_large_image","schema":{"@context":"https:\/\/schema.org","@graph":[{"@type":"WebPage","@id":"https:\/\/kalkulator-oee.pl\/","url":"https:\/\/kalkulator-oee.pl\/","name":"Kalkulator OEE - Wyznacz OEE dla swojej produkcji!","isPartOf":{"@id":"https:\/\/kalkulator-oee.pl\/#website"},"datePublished":"2021-10-22T06:58:22+00:00","dateModified":"2025-12-05T14:58:26+00:00","description":"Uda\u0142o Ci si\u0119 policzy\u0107 wska\u017anik OEE dla swojego zak\u0142adu lub linii? Chcesz analizowa\u0107 wska\u017anik OEE, ale nie wiesz od czego zacz\u0105\u0107? Jeste\u015b w dobrym miejscu!","breadcrumb":{"@id":"https:\/\/kalkulator-oee.pl\/#breadcrumb"},"inLanguage":"pl-PL","potentialAction":[{"@type":"ReadAction","target":["https:\/\/kalkulator-oee.pl\/"]}]},{"@type":"BreadcrumbList","@id":"https:\/\/kalkulator-oee.pl\/#breadcrumb","itemListElement":[{"@type":"ListItem","position":1,"name":"Home","item":"https:\/\/kalkulator-oee.pl\/"},{"@type":"ListItem","position":2,"name":"Kalkulator OEE &#8211; Wyznacz OEE dla swojej produkcji!"}]},{"@type":"WebSite","@id":"https:\/\/kalkulator-oee.pl\/#website","url":"https:\/\/kalkulator-oee.pl\/","name":"Kalkulator OEE","description":"Oblicz wska\u017anik efektywno\u015bci OEE w kilku krokach","potentialAction":[{"@type":"SearchAction","target":{"@type":"EntryPoint","urlTemplate":"https:\/\/kalkulator-oee.pl\/?s={search_term_string}"},"query-input":{"@type":"PropertyValueSpecification","valueRequired":true,"valueName":"search_term_string"}}],"inLanguage":"pl-PL"}]}},"_links":{"self":[{"href":"https:\/\/kalkulator-oee.pl\/index.php\/wp-json\/wp\/v2\/pages\/6","targetHints":{"allow":["GET"]}}],"collection":[{"href":"https:\/\/kalkulator-oee.pl\/index.php\/wp-json\/wp\/v2\/pages"}],"about":[{"href":"https:\/\/kalkulator-oee.pl\/index.php\/wp-json\/wp\/v2\/types\/page"}],"author":[{"embeddable":true,"href":"https:\/\/kalkulator-oee.pl\/index.php\/wp-json\/wp\/v2\/users\/1"}],"replies":[{"embeddable":true,"href":"https:\/\/kalkulator-oee.pl\/index.php\/wp-json\/wp\/v2\/comments?post=6"}],"version-history":[{"count":203,"href":"https:\/\/kalkulator-oee.pl\/index.php\/wp-json\/wp\/v2\/pages\/6\/revisions"}],"predecessor-version":[{"id":709,"href":"https:\/\/kalkulator-oee.pl\/index.php\/wp-json\/wp\/v2\/pages\/6\/revisions\/709"}],"wp:attachment":[{"href":"https:\/\/kalkulator-oee.pl\/index.php\/wp-json\/wp\/v2\/media?parent=6"}],"curies":[{"name":"wp","href":"https:\/\/api.w.org\/{rel}","templated":true}]}}